{"id":1369,"date":"2019-11-20T11:13:39","date_gmt":"2019-11-20T10:13:39","guid":{"rendered":"http:\/\/nordweststadt-film.de\/?post_type=product&#038;p=1369"},"modified":"2025-09-02T15:12:27","modified_gmt":"2025-09-02T13:12:27","slug":"raumstadt-nordweststadt","status":"publish","type":"product","link":"https:\/\/nordweststadt-film.de\/en\/produkt\/raumstadt-nordweststadt\/","title":{"rendered":"DVD &#8211; Raumstadt Nordweststadt"},"content":{"rendered":"<p><strong>Inhalt<\/strong><\/p>\n<p>Im Nordwesten von Frankfurt am Main wurde Anfang der 1960er Jahre mit dem Bau eines neuen Stadtteils begonnen \u2013 der Nordweststadt, der ersten und bis heute einzigen realisierten Raumstadt nach den Entw\u00fcrfen von Walter Schwagenscheidt weltweit.<\/p>\n<p>Die damaligen Stadtplaner haben sich mit gro\u00dfen Visionen und viel Idealismus an die Verwirklichung ihrer Idee einer idealen Stadt gemacht. Der Film ist ein Portr\u00e4t dieses Stadtteils, angefangen von der Idee und der Planung \u00fcber den Bau bis hin zum t\u00e4glichen Leben von mittlerweile drei Generationen in dieser au\u00dfergew\u00f6hnlichen Trabantenstadt.<\/p>\n<p>In Gespr\u00e4chen mit Stadtplanern, den Bewohnern und den heute Verantwortlichen, geht der Film der Frage nach, welche Ideen und Ideale hinter den in der Nordweststadt realisierten st\u00e4dtebaulichen Konzepten urspr\u00fcnglich standen und was es f\u00fcr die Menschen im Alltag bedeutet in dieser Realit\u00e4t gewordenen Idee einer idealen Stadt zu leben.<\/p>\n","protected":false},"excerpt":{"rendered":"<p>&#8220;Raumstadt Nordweststadt&#8221; ist eine Expedition durch die Geschichte der Frankfurter Nordweststadt \u2013 der einzigen realisierten Raumstadt weltweit. Aus Gespr\u00e4chen mit Bewohnern, Verantwortlichen sowie historischen Aufnahmen schufen die Filmemacher Hagen Gottschalck und Enno Echt ein facettenreiches Portrait dieses Stadtteils, angefangen von der Idee und Planung u\u0308ber den Bau bis hin zum Leben in dieser faszinierenden Gro\u00dfsiedlung.<\/p>\n","protected":false},"featured_media":1390,"template":"","meta":[],"yoast_head":"<!-- This site is optimized with the Yoast SEO plugin v18.3 - https:\/\/yoast.com\/wordpress\/plugins\/seo\/ -->\n<title>DVD - Raumstadt Nordweststadt &bull;<\/title>\n<meta name=\"description\" content=\"JETZT AUF DVD &quot;Raumstadt Nordweststadt&quot; ist eine Expedition durch die Geschichte der Frankfurter Nordweststadt der einzigen realisierten Raumstadt weltweit.\" \/>\n<meta name=\"robots\" content=\"index, follow, max-snippet:-1, max-image-preview:large, max-video-preview:-1\" \/>\n<link rel=\"canonical\" href=\"http:\/\/nordweststadt-film.de\/produkt\/raumstadt-nordweststadt\/\" \/>\n<meta property=\"og:locale\" content=\"en_US\" \/>\n<meta property=\"og:type\" content=\"article\" \/>\n<meta property=\"og:title\" content=\"DVD - Raumstadt Nordweststadt &bull;\" \/>\n<meta property=\"og:description\" content=\"JETZT AUF DVD &quot;Raumstadt Nordweststadt&quot; ist eine Expedition durch die Geschichte der Frankfurter Nordweststadt der einzigen realisierten Raumstadt weltweit.\" \/>\n<meta property=\"og:url\" content=\"http:\/\/nordweststadt-film.de\/produkt\/raumstadt-nordweststadt\/\" \/>\n<meta property=\"og:site_name\" content=\"Nordweststadt Film\" \/>\n<meta property=\"article:modified_time\" content=\"2025-09-02T13:12:27+00:00\" \/>\n<meta property=\"og:image\" content=\"http:\/\/nordweststadt-film.de\/wp-content\/uploads\/2019\/12\/Raumstadt_Nordweststadt_DVD_Front-Shop.jpg\" \/>\n\t<meta property=\"og:image:width\" content=\"763\" \/>\n\t<meta property=\"og:image:height\" content=\"1081\" \/>\n\t<meta property=\"og:image:type\" content=\"image\/jpeg\" \/>\n<meta name=\"twitter:card\" content=\"summary_large_image\" \/>\n<meta name=\"twitter:label1\" content=\"Est. reading time\" \/>\n\t<meta name=\"twitter:data1\" content=\"1 minute\" \/>\n<script type=\"application\/ld+json\" class=\"yoast-schema-graph\">{\"@context\":\"https:\/\/schema.org\",\"@graph\":[{\"@type\":\"WebSite\",\"@id\":\"https:\/\/nordweststadt-film.de\/#website\",\"url\":\"https:\/\/nordweststadt-film.de\/\",\"name\":\"Nordweststadt Film\",\"description\":\"A film about the Nordweststadt in Frankfurt am Main\",\"potentialAction\":[{\"@type\":\"SearchAction\",\"target\":{\"@type\":\"EntryPoint\",\"urlTemplate\":\"https:\/\/nordweststadt-film.de\/?s={search_term_string}\"},\"query-input\":\"required name=search_term_string\"}],\"inLanguage\":\"en-US\"},{\"@type\":\"ImageObject\",\"@id\":\"http:\/\/nordweststadt-film.de\/produkt\/raumstadt-nordweststadt\/#primaryimage\",\"inLanguage\":\"en-US\",\"url\":\"https:\/\/nordweststadt-film.de\/wp-content\/uploads\/2019\/12\/Raumstadt_Nordweststadt_DVD_Front-Shop.jpg\",\"contentUrl\":\"https:\/\/nordweststadt-film.de\/wp-content\/uploads\/2019\/12\/Raumstadt_Nordweststadt_DVD_Front-Shop.jpg\",\"width\":763,\"height\":1081},{\"@type\":\"WebPage\",\"@id\":\"http:\/\/nordweststadt-film.de\/produkt\/raumstadt-nordweststadt\/#webpage\",\"url\":\"http:\/\/nordweststadt-film.de\/produkt\/raumstadt-nordweststadt\/\",\"name\":\"DVD - Raumstadt Nordweststadt &bull;\",\"isPartOf\":{\"@id\":\"https:\/\/nordweststadt-film.de\/#website\"},\"primaryImageOfPage\":{\"@id\":\"http:\/\/nordweststadt-film.de\/produkt\/raumstadt-nordweststadt\/#primaryimage\"},\"datePublished\":\"2019-11-20T10:13:39+00:00\",\"dateModified\":\"2025-09-02T13:12:27+00:00\",\"description\":\"JETZT AUF DVD \\\"Raumstadt Nordweststadt\\\" ist eine Expedition durch die Geschichte der Frankfurter Nordweststadt der einzigen realisierten Raumstadt weltweit.\",\"breadcrumb\":{\"@id\":\"http:\/\/nordweststadt-film.de\/produkt\/raumstadt-nordweststadt\/#breadcrumb\"},\"inLanguage\":\"en-US\",\"potentialAction\":[{\"@type\":\"ReadAction\",\"target\":[\"http:\/\/nordweststadt-film.de\/produkt\/raumstadt-nordweststadt\/\"]}]},{\"@type\":\"BreadcrumbList\",\"@id\":\"http:\/\/nordweststadt-film.de\/produkt\/raumstadt-nordweststadt\/#breadcrumb\",\"itemListElement\":[{\"@type\":\"ListItem\",\"position\":1,\"name\":\"Startseite\",\"item\":\"https:\/\/nordweststadt-film.de\/\"},{\"@type\":\"ListItem\",\"position\":2,\"name\":\"DVD &#8211; Raumstadt Nordweststadt\"}]}]}<\/script>\n<!-- \/ Yoast SEO plugin. -->","yoast_head_json":{"title":"DVD - Raumstadt Nordweststadt &bull;","description":"JETZT AUF DVD \"Raumstadt Nordweststadt\" ist eine Expedition durch die Geschichte der Frankfurter Nordweststadt der einzigen realisierten Raumstadt weltweit.","robots":{"index":"index","follow":"follow","max-snippet":"max-snippet:-1","max-image-preview":"max-image-preview:large","max-video-preview":"max-video-preview:-1"},"canonical":"http:\/\/nordweststadt-film.de\/produkt\/raumstadt-nordweststadt\/","og_locale":"en_US","og_type":"article","og_title":"DVD - Raumstadt Nordweststadt &bull;","og_description":"JETZT AUF DVD \"Raumstadt Nordweststadt\" ist eine Expedition durch die Geschichte der Frankfurter Nordweststadt der einzigen realisierten Raumstadt weltweit.","og_url":"http:\/\/nordweststadt-film.de\/produkt\/raumstadt-nordweststadt\/","og_site_name":"Nordweststadt Film","article_modified_time":"2025-09-02T13:12:27+00:00","og_image":[{"width":763,"height":1081,"url":"http:\/\/nordweststadt-film.de\/wp-content\/uploads\/2019\/12\/Raumstadt_Nordweststadt_DVD_Front-Shop.jpg","type":"image\/jpeg"}],"twitter_card":"summary_large_image","twitter_misc":{"Est. reading time":"1 minute"},"schema":{"@context":"https:\/\/schema.org","@graph":[{"@type":"WebSite","@id":"https:\/\/nordweststadt-film.de\/#website","url":"https:\/\/nordweststadt-film.de\/","name":"Nordweststadt Film","description":"A film about the Nordweststadt in Frankfurt am Main","potentialAction":[{"@type":"SearchAction","target":{"@type":"EntryPoint","urlTemplate":"https:\/\/nordweststadt-film.de\/?s={search_term_string}"},"query-input":"required name=search_term_string"}],"inLanguage":"en-US"},{"@type":"ImageObject","@id":"http:\/\/nordweststadt-film.de\/produkt\/raumstadt-nordweststadt\/#primaryimage","inLanguage":"en-US","url":"https:\/\/nordweststadt-film.de\/wp-content\/uploads\/2019\/12\/Raumstadt_Nordweststadt_DVD_Front-Shop.jpg","contentUrl":"https:\/\/nordweststadt-film.de\/wp-content\/uploads\/2019\/12\/Raumstadt_Nordweststadt_DVD_Front-Shop.jpg","width":763,"height":1081},{"@type":"WebPage","@id":"http:\/\/nordweststadt-film.de\/produkt\/raumstadt-nordweststadt\/#webpage","url":"http:\/\/nordweststadt-film.de\/produkt\/raumstadt-nordweststadt\/","name":"DVD - Raumstadt Nordweststadt &bull;","isPartOf":{"@id":"https:\/\/nordweststadt-film.de\/#website"},"primaryImageOfPage":{"@id":"http:\/\/nordweststadt-film.de\/produkt\/raumstadt-nordweststadt\/#primaryimage"},"datePublished":"2019-11-20T10:13:39+00:00","dateModified":"2025-09-02T13:12:27+00:00","description":"JETZT AUF DVD \"Raumstadt Nordweststadt\" ist eine Expedition durch die Geschichte der Frankfurter Nordweststadt der einzigen realisierten Raumstadt weltweit.","breadcrumb":{"@id":"http:\/\/nordweststadt-film.de\/produkt\/raumstadt-nordweststadt\/#breadcrumb"},"inLanguage":"en-US","potentialAction":[{"@type":"ReadAction","target":["http:\/\/nordweststadt-film.de\/produkt\/raumstadt-nordweststadt\/"]}]},{"@type":"BreadcrumbList","@id":"http:\/\/nordweststadt-film.de\/produkt\/raumstadt-nordweststadt\/#breadcrumb","itemListElement":[{"@type":"ListItem","position":1,"name":"Startseite","item":"https:\/\/nordweststadt-film.de\/"},{"@type":"ListItem","position":2,"name":"DVD &#8211; Raumstadt Nordweststadt"}]}]}},"_links":{"self":[{"href":"https:\/\/nordweststadt-film.de\/en\/wp-json\/wp\/v2\/product\/1369"}],"collection":[{"href":"https:\/\/nordweststadt-film.de\/en\/wp-json\/wp\/v2\/product"}],"about":[{"href":"https:\/\/nordweststadt-film.de\/en\/wp-json\/wp\/v2\/types\/product"}],"wp:featuredmedia":[{"embeddable":true,"href":"https:\/\/nordweststadt-film.de\/en\/wp-json\/wp\/v2\/media\/1390"}],"wp:attachment":[{"href":"https:\/\/nordweststadt-film.de\/en\/wp-json\/wp\/v2\/media?parent=1369"}],"curies":[{"name":"wp","href":"https:\/\/api.w.org\/{rel}","templated":true}]}}